{"id":909,"date":"2025-11-21T19:44:13","date_gmt":"2025-11-21T18:44:13","guid":{"rendered":"https:\/\/editionslescrocos.com\/?page_id=909"},"modified":"2025-11-21T23:26:21","modified_gmt":"2025-11-21T22:26:21","slug":"le-voyage-a-lyon","status":"publish","type":"page","link":"https:\/\/editionslescrocos.com\/?page_id=909","title":{"rendered":"Le Voyage \u00e0 Lyon"},"content":{"rendered":"\n<div class=\"wp-block-group is-content-justification-center is-layout-flex wp-container-core-group-is-layout-5930249a wp-block-group-is-layout-flex\" style=\"border-style:none;border-width:0px;min-height:0px;margin-top:0;margin-bottom:0;padding-top:0;padding-bottom:0\">\n<div class=\"wp-block-group is-vertical is-content-justification-center is-nowrap is-layout-flex wp-container-core-group-is-layout-64d34825 wp-block-group-is-layout-flex\" style=\"border-style:none;border-width:0px;min-height:0px;padding-top:0;padding-right:0;padding-bottom:0;padding-left:0\">\n<figure class=\"wp-block-image size-full is-resized wp-container-content-9cfa9a5a\" style=\"margin-right:var(--wp--preset--spacing--80);margin-left:var(--wp--preset--spacing--80)\"><img loading=\"lazy\" decoding=\"async\" width=\"512\" height=\"512\" src=\"https:\/\/editionslescrocos.com\/wp-content\/uploads\/2025\/11\/Catalogue_VoyageALyon_HD.png\" alt=\"\" class=\"wp-image-544\" style=\"object-fit:cover;width:451px;height:auto\" srcset=\"https:\/\/editionslescrocos.com\/wp-content\/uploads\/2025\/11\/Catalogue_VoyageALyon_HD.png 512w, https:\/\/editionslescrocos.com\/wp-content\/uploads\/2025\/11\/Catalogue_VoyageALyon_HD-300x300.png 300w, https:\/\/editionslescrocos.com\/wp-content\/uploads\/2025\/11\/Catalogue_VoyageALyon_HD-150x150.png 150w\" sizes=\"auto, (max-width: 512px) 100vw, 512px\" \/><\/figure>\n\n\n\n<div class=\"wp-block-buttons is-horizontal is-content-justification-center is-nowrap is-layout-flex wp-container-core-buttons-is-layout-d0f5c1d8 wp-block-buttons-is-layout-flex\">\n<div class=\"wp-block-button open-popup-voyage\"><a class=\"wp-block-button__link has-text-align-center wp-element-button\" style=\"padding-right:var(--wp--preset--spacing--80);padding-left:var(--wp--preset--spacing--80)\">Feuilleter<\/a><\/div>\n<\/div>\n<\/div>\n\n\n\n<div class=\"wp-block-group wp-container-content-15a05072 is-vertical is-layout-flex wp-container-core-group-is-layout-9a7dd796 wp-block-group-is-layout-flex\" style=\"border-style:none;border-width:0px;min-height:0px;padding-top:0;padding-right:var(--wp--preset--spacing--80);padding-bottom:0;padding-left:var(--wp--preset--spacing--80)\">\n<h1 class=\"wp-block-heading has-text-align-left has-large-font-size\">Le voyage \u00e0 Lyon<\/h1>\n\n\n\n<p class=\"has-text-align-left has-medium-font-size\">Trois petites cigognes en migration s&rsquo;arr\u00eatent \u00e0 Lyon suite \u00e0 un incident de vol. Elles n&rsquo;ont qu&rsquo;une envie : repartir au plus vite ! Mais une s\u00e9rie de rencontres va les faire changer d&rsquo;avis. Avec leurs nouveaux amis, elles se lancent dans une visite insolite de la ville. Une histoire en bande-dessin\u00e9e pleine de surprises pour d\u00e9couvrir Lyon \u00e0 hauteur d&rsquo;enfant.<br><\/p>\n\n\n\n<ul class=\"wp-block-list has-medium-font-size\">\n<li class=\"has-small-font-size\">Auteurs : Alexandra Horvath et St\u00e9phane Perraud<\/li>\n\n\n\n<li class=\"has-small-font-size\">Dessinateur : Le Cil Vert<\/li>\n\n\n\n<li class=\"has-small-font-size\">160 pages<\/li>\n\n\n\n<li class=\"has-small-font-size\">Age : 5-9 ans<\/li>\n\n\n\n<li class=\"has-small-font-size\">Couverture cartonn\u00e9e<\/li>\n\n\n\n<li class=\"has-small-font-size\">Format : 26,3 cm x 20,3 cm<\/li>\n\n\n\n<li class=\"has-small-font-size\">ISBN : 978-2-9576966-0-4<\/li>\n\n\n\n<li class=\"has-small-font-size\">Date de parution : avril 2021<\/li>\n<\/ul>\n<\/div>\n<\/div>\n\n\n\n<div aria-hidden=\"true\" data-open-type=\"on click\" data-open-selector=\".open-popup-voyage\" data-opening-time=\"0s\" data-waiting-after-closing=\"-1s\" data-show-again-in=\"0\" id=\"4p0qzcezsf\" class=\"wp-block-makeiteasy-popup open-on-click popup-floating popup-modal makeiteasy-popup-outermost\"><div class=\"makeiteasy-popup-overlay\" tabindex=\"-1\" data-micromodal-close-4p0qzcezsf=\"true\"><div role=\"dialog\" aria-modal=\"true\" class=\"has-above-close makeiteasy-popup-wrapper\" style=\"min-height:0px;width:1000px\"><div class=\"makeiteasy-popup-content-wrapper is-layout-constrained wp-block-makeiteasy-popup-is-layout-constrained\">\n<p>Extraits du livre &#8211; Le Voyage \u00e0 Lyon<\/p>\n\n\n<style>.kb-gallery-id-909_e2cc6b-9c .kadence-blocks-gallery-item .kb-gal-image-radius, .kb-gallery-id-909_e2cc6b-9c .kb-slide-item .kb-gal-image-radius img{border-radius:0px 0px 0px 0px;;}.kb-gallery-wrap-id-909_e2cc6b-9c.wp-block-kadence-advancedgallery{overflow:visible;}.kb-gallery-wrap-id-909_e2cc6b-9c.wp-block-kadence-advancedgallery .kt-blocks-carousel{overflow:visible;}<\/style><div class=\"kb-gallery-wrap-id-909_e2cc6b-9c alignnone wp-block-kadence-advancedgallery\"><div class=\"kb-gallery-ul kb-gallery-non-static kb-gallery-type-slider kb-gallery-id-909_e2cc6b-9c kb-gallery-caption-style-bottom-hover kb-gallery-filter-none\" data-image-filter=\"none\" data-lightbox-caption=\"true\"><div class=\"kt-blocks-carousel kt-carousel-container-dotstyle-dark\"><div class=\"kt-blocks-carousel-init kb-blocks-slider kt-carousel-arrowstyle-whiteondark kt-carousel-dotstyle-dark kb-slider-group-arrow kb-slider-arrow-position-center\" data-slider-anim-speed=\"750\" data-slider-scroll=\"1\" data-slider-arrows=\"true\" data-slider-fade=\"true\" data-slider-dots=\"true\"data-slider-type=\"slider\"  data-slider-hover-pause=\"false\" data-slider-auto=\"\" data-slider-speed=\"7000\" data-show-pause-button=\"false\"><li class=\"kb-slide-item kb-gallery-slide-item\"><div class=\"kadence-blocks-gallery-item\"><div class=\"kadence-blocks-gallery-item-inner\"><figure class=\"kb-gallery-figure kadence-blocks-gallery-item-hide-caption\"><div class=\"kb-gal-image-radius\"><div class=\"kb-gallery-image-contain kadence-blocks-gallery-intrinsic kb-gallery-image-ratio-inherit kb-has-image-ratio-inherit\" ><img loading=\"lazy\" decoding=\"async\" src=\"https:\/\/editionslescrocos.com\/wp-content\/uploads\/2025\/11\/feuilletage-p8_9.jpg\" width=\"1200\" height=\"793\" alt=\"\" data-full-image=\"https:\/\/editionslescrocos.com\/wp-content\/uploads\/2025\/11\/feuilletage-p8_9.jpg\" data-light-image=\"https:\/\/editionslescrocos.com\/wp-content\/uploads\/2025\/11\/feuilletage-p8_9.jpg\" data-id=\"645\" class=\"wp-image-645 skip-lazy\" srcset=\"https:\/\/editionslescrocos.com\/wp-content\/uploads\/2025\/11\/feuilletage-p8_9.jpg 1200w, https:\/\/editionslescrocos.com\/wp-content\/uploads\/2025\/11\/feuilletage-p8_9-300x198.jpg 300w, https:\/\/editionslescrocos.com\/wp-content\/uploads\/2025\/11\/feuilletage-p8_9-1024x677.jpg 1024w, https:\/\/editionslescrocos.com\/wp-content\/uploads\/2025\/11\/feuilletage-p8_9-768x508.jpg 768w\" sizes=\"auto, (max-width: 1200px) 100vw, 1200px\" \/><\/div><\/div><\/figure><\/div><\/div><\/li><li class=\"kb-slide-item kb-gallery-slide-item\"><div class=\"kadence-blocks-gallery-item\"><div class=\"kadence-blocks-gallery-item-inner\"><figure class=\"kb-gallery-figure kadence-blocks-gallery-item-hide-caption\"><div class=\"kb-gal-image-radius\"><div class=\"kb-gallery-image-contain kadence-blocks-gallery-intrinsic kb-gallery-image-ratio-inherit kb-has-image-ratio-inherit\" ><img loading=\"lazy\" decoding=\"async\" src=\"https:\/\/editionslescrocos.com\/wp-content\/uploads\/2025\/11\/feuilletage-p14_15.jpg\" width=\"1200\" height=\"799\" alt=\"\" data-full-image=\"https:\/\/editionslescrocos.com\/wp-content\/uploads\/2025\/11\/feuilletage-p14_15.jpg\" data-light-image=\"https:\/\/editionslescrocos.com\/wp-content\/uploads\/2025\/11\/feuilletage-p14_15.jpg\" data-id=\"646\" class=\"wp-image-646 skip-lazy\" srcset=\"https:\/\/editionslescrocos.com\/wp-content\/uploads\/2025\/11\/feuilletage-p14_15.jpg 1200w, https:\/\/editionslescrocos.com\/wp-content\/uploads\/2025\/11\/feuilletage-p14_15-300x200.jpg 300w, https:\/\/editionslescrocos.com\/wp-content\/uploads\/2025\/11\/feuilletage-p14_15-1024x682.jpg 1024w, https:\/\/editionslescrocos.com\/wp-content\/uploads\/2025\/11\/feuilletage-p14_15-768x511.jpg 768w\" sizes=\"auto, (max-width: 1200px) 100vw, 1200px\" \/><\/div><\/div><\/figure><\/div><\/div><\/li><li class=\"kb-slide-item kb-gallery-slide-item\"><div class=\"kadence-blocks-gallery-item\"><div class=\"kadence-blocks-gallery-item-inner\"><figure class=\"kb-gallery-figure kadence-blocks-gallery-item-hide-caption\"><div class=\"kb-gal-image-radius\"><div class=\"kb-gallery-image-contain kadence-blocks-gallery-intrinsic kb-gallery-image-ratio-inherit kb-has-image-ratio-inherit\" ><img loading=\"lazy\" decoding=\"async\" src=\"https:\/\/editionslescrocos.com\/wp-content\/uploads\/2025\/11\/feuilletage-p40_41.jpg\" width=\"1200\" height=\"794\" alt=\"\" data-full-image=\"https:\/\/editionslescrocos.com\/wp-content\/uploads\/2025\/11\/feuilletage-p40_41.jpg\" data-light-image=\"https:\/\/editionslescrocos.com\/wp-content\/uploads\/2025\/11\/feuilletage-p40_41.jpg\" data-id=\"648\" class=\"wp-image-648 skip-lazy\" srcset=\"https:\/\/editionslescrocos.com\/wp-content\/uploads\/2025\/11\/feuilletage-p40_41.jpg 1200w, https:\/\/editionslescrocos.com\/wp-content\/uploads\/2025\/11\/feuilletage-p40_41-300x199.jpg 300w, https:\/\/editionslescrocos.com\/wp-content\/uploads\/2025\/11\/feuilletage-p40_41-1024x678.jpg 1024w, https:\/\/editionslescrocos.com\/wp-content\/uploads\/2025\/11\/feuilletage-p40_41-768x508.jpg 768w\" sizes=\"auto, (max-width: 1200px) 100vw, 1200px\" \/><\/div><\/div><\/figure><\/div><\/div><\/li><li class=\"kb-slide-item kb-gallery-slide-item\"><div class=\"kadence-blocks-gallery-item\"><div class=\"kadence-blocks-gallery-item-inner\"><figure class=\"kb-gallery-figure kadence-blocks-gallery-item-hide-caption\"><div class=\"kb-gal-image-radius\"><div class=\"kb-gallery-image-contain kadence-blocks-gallery-intrinsic kb-gallery-image-ratio-inherit kb-has-image-ratio-inherit\" ><img loading=\"lazy\" decoding=\"async\" src=\"https:\/\/editionslescrocos.com\/wp-content\/uploads\/2025\/11\/feuilletage-p38_39.jpg\" width=\"1200\" height=\"797\" alt=\"\" data-full-image=\"https:\/\/editionslescrocos.com\/wp-content\/uploads\/2025\/11\/feuilletage-p38_39.jpg\" data-light-image=\"https:\/\/editionslescrocos.com\/wp-content\/uploads\/2025\/11\/feuilletage-p38_39.jpg\" data-id=\"647\" class=\"wp-image-647 skip-lazy\" srcset=\"https:\/\/editionslescrocos.com\/wp-content\/uploads\/2025\/11\/feuilletage-p38_39.jpg 1200w, https:\/\/editionslescrocos.com\/wp-content\/uploads\/2025\/11\/feuilletage-p38_39-300x199.jpg 300w, https:\/\/editionslescrocos.com\/wp-content\/uploads\/2025\/11\/feuilletage-p38_39-1024x680.jpg 1024w, https:\/\/editionslescrocos.com\/wp-content\/uploads\/2025\/11\/feuilletage-p38_39-768x510.jpg 768w\" sizes=\"auto, (max-width: 1200px) 100vw, 1200px\" \/><\/div><\/div><\/figure><\/div><\/div><\/li><li class=\"kb-slide-item kb-gallery-slide-item\"><div class=\"kadence-blocks-gallery-item\"><div class=\"kadence-blocks-gallery-item-inner\"><figure class=\"kb-gallery-figure kadence-blocks-gallery-item-hide-caption\"><div class=\"kb-gal-image-radius\"><div class=\"kb-gallery-image-contain kadence-blocks-gallery-intrinsic kb-gallery-image-ratio-inherit kb-has-image-ratio-inherit\" ><img loading=\"lazy\" decoding=\"async\" src=\"https:\/\/editionslescrocos.com\/wp-content\/uploads\/2025\/11\/feuilletage-pmetro.jpg\" width=\"1200\" height=\"793\" alt=\"\" data-full-image=\"https:\/\/editionslescrocos.com\/wp-content\/uploads\/2025\/11\/feuilletage-pmetro.jpg\" data-light-image=\"https:\/\/editionslescrocos.com\/wp-content\/uploads\/2025\/11\/feuilletage-pmetro.jpg\" data-id=\"650\" class=\"wp-image-650 skip-lazy\" srcset=\"https:\/\/editionslescrocos.com\/wp-content\/uploads\/2025\/11\/feuilletage-pmetro.jpg 1200w, https:\/\/editionslescrocos.com\/wp-content\/uploads\/2025\/11\/feuilletage-pmetro-300x198.jpg 300w, https:\/\/editionslescrocos.com\/wp-content\/uploads\/2025\/11\/feuilletage-pmetro-1024x677.jpg 1024w, https:\/\/editionslescrocos.com\/wp-content\/uploads\/2025\/11\/feuilletage-pmetro-768x508.jpg 768w\" sizes=\"auto, (max-width: 1200px) 100vw, 1200px\" \/><\/div><\/div><\/figure><\/div><\/div><\/li><li class=\"kb-slide-item kb-gallery-slide-item\"><div class=\"kadence-blocks-gallery-item\"><div class=\"kadence-blocks-gallery-item-inner\"><figure class=\"kb-gallery-figure kadence-blocks-gallery-item-hide-caption\"><div class=\"kb-gal-image-radius\"><div class=\"kb-gallery-image-contain kadence-blocks-gallery-intrinsic kb-gallery-image-ratio-inherit kb-has-image-ratio-inherit\" ><img loading=\"lazy\" decoding=\"async\" src=\"https:\/\/editionslescrocos.com\/wp-content\/uploads\/2025\/11\/feuilletage_passage.jpg\" width=\"1200\" height=\"795\" alt=\"\" data-full-image=\"https:\/\/editionslescrocos.com\/wp-content\/uploads\/2025\/11\/feuilletage_passage.jpg\" data-light-image=\"https:\/\/editionslescrocos.com\/wp-content\/uploads\/2025\/11\/feuilletage_passage.jpg\" data-id=\"642\" class=\"wp-image-642 skip-lazy\" srcset=\"https:\/\/editionslescrocos.com\/wp-content\/uploads\/2025\/11\/feuilletage_passage.jpg 1200w, https:\/\/editionslescrocos.com\/wp-content\/uploads\/2025\/11\/feuilletage_passage-300x199.jpg 300w, https:\/\/editionslescrocos.com\/wp-content\/uploads\/2025\/11\/feuilletage_passage-1024x678.jpg 1024w, https:\/\/editionslescrocos.com\/wp-content\/uploads\/2025\/11\/feuilletage_passage-768x509.jpg 768w\" sizes=\"auto, (max-width: 1200px) 100vw, 1200px\" \/><\/div><\/div><\/figure><\/div><\/div><\/li><li class=\"kb-slide-item kb-gallery-slide-item\"><div class=\"kadence-blocks-gallery-item\"><div class=\"kadence-blocks-gallery-item-inner\"><figure class=\"kb-gallery-figure kadence-blocks-gallery-item-hide-caption\"><div class=\"kb-gal-image-radius\"><div class=\"kb-gallery-image-contain kadence-blocks-gallery-intrinsic kb-gallery-image-ratio-inherit kb-has-image-ratio-inherit\" ><img loading=\"lazy\" decoding=\"async\" src=\"https:\/\/editionslescrocos.com\/wp-content\/uploads\/2025\/11\/feuilletage-cr.jpg\" width=\"1200\" height=\"796\" alt=\"\" data-full-image=\"https:\/\/editionslescrocos.com\/wp-content\/uploads\/2025\/11\/feuilletage-cr.jpg\" data-light-image=\"https:\/\/editionslescrocos.com\/wp-content\/uploads\/2025\/11\/feuilletage-cr.jpg\" data-id=\"644\" class=\"wp-image-644 skip-lazy\" srcset=\"https:\/\/editionslescrocos.com\/wp-content\/uploads\/2025\/11\/feuilletage-cr.jpg 1200w, https:\/\/editionslescrocos.com\/wp-content\/uploads\/2025\/11\/feuilletage-cr-300x199.jpg 300w, https:\/\/editionslescrocos.com\/wp-content\/uploads\/2025\/11\/feuilletage-cr-1024x679.jpg 1024w, https:\/\/editionslescrocos.com\/wp-content\/uploads\/2025\/11\/feuilletage-cr-768x509.jpg 768w\" sizes=\"auto, (max-width: 1200px) 100vw, 1200px\" \/><\/div><\/div><\/figure><\/div><\/div><\/li><li class=\"kb-slide-item kb-gallery-slide-item\"><div class=\"kadence-blocks-gallery-item\"><div class=\"kadence-blocks-gallery-item-inner\"><figure class=\"kb-gallery-figure kadence-blocks-gallery-item-hide-caption\"><div class=\"kb-gal-image-radius\"><div class=\"kb-gallery-image-contain kadence-blocks-gallery-intrinsic kb-gallery-image-ratio-inherit kb-has-image-ratio-inherit\" ><img loading=\"lazy\" decoding=\"async\" src=\"https:\/\/editionslescrocos.com\/wp-content\/uploads\/2025\/11\/feuilletage-theatre.jpg\" width=\"1200\" height=\"794\" alt=\"\" data-full-image=\"https:\/\/editionslescrocos.com\/wp-content\/uploads\/2025\/11\/feuilletage-theatre.jpg\" data-light-image=\"https:\/\/editionslescrocos.com\/wp-content\/uploads\/2025\/11\/feuilletage-theatre.jpg\" data-id=\"651\" class=\"wp-image-651 skip-lazy\" srcset=\"https:\/\/editionslescrocos.com\/wp-content\/uploads\/2025\/11\/feuilletage-theatre.jpg 1200w, https:\/\/editionslescrocos.com\/wp-content\/uploads\/2025\/11\/feuilletage-theatre-300x199.jpg 300w, https:\/\/editionslescrocos.com\/wp-content\/uploads\/2025\/11\/feuilletage-theatre-1024x678.jpg 1024w, https:\/\/editionslescrocos.com\/wp-content\/uploads\/2025\/11\/feuilletage-theatre-768x508.jpg 768w\" sizes=\"auto, (max-width: 1200px) 100vw, 1200px\" \/><\/div><\/div><\/figure><\/div><\/div><\/li><li class=\"kb-slide-item kb-gallery-slide-item\"><div class=\"kadence-blocks-gallery-item\"><div class=\"kadence-blocks-gallery-item-inner\"><figure class=\"kb-gallery-figure kadence-blocks-gallery-item-hide-caption\"><div class=\"kb-gal-image-radius\"><div class=\"kb-gallery-image-contain kadence-blocks-gallery-intrinsic kb-gallery-image-ratio-inherit kb-has-image-ratio-inherit\" ><img loading=\"lazy\" decoding=\"async\" src=\"https:\/\/editionslescrocos.com\/wp-content\/uploads\/2025\/11\/feuilletage-confluence.jpg\" width=\"1200\" height=\"787\" alt=\"\" data-full-image=\"https:\/\/editionslescrocos.com\/wp-content\/uploads\/2025\/11\/feuilletage-confluence.jpg\" data-light-image=\"https:\/\/editionslescrocos.com\/wp-content\/uploads\/2025\/11\/feuilletage-confluence.jpg\" data-id=\"643\" class=\"wp-image-643 skip-lazy\" srcset=\"https:\/\/editionslescrocos.com\/wp-content\/uploads\/2025\/11\/feuilletage-confluence.jpg 1200w, https:\/\/editionslescrocos.com\/wp-content\/uploads\/2025\/11\/feuilletage-confluence-300x197.jpg 300w, https:\/\/editionslescrocos.com\/wp-content\/uploads\/2025\/11\/feuilletage-confluence-1024x672.jpg 1024w, https:\/\/editionslescrocos.com\/wp-content\/uploads\/2025\/11\/feuilletage-confluence-768x504.jpg 768w\" sizes=\"auto, (max-width: 1200px) 100vw, 1200px\" \/><\/div><\/div><\/figure><\/div><\/div><\/li><li class=\"kb-slide-item kb-gallery-slide-item\"><div class=\"kadence-blocks-gallery-item\"><div class=\"kadence-blocks-gallery-item-inner\"><figure class=\"kb-gallery-figure kadence-blocks-gallery-item-hide-caption\"><div class=\"kb-gal-image-radius\"><div class=\"kb-gallery-image-contain kadence-blocks-gallery-intrinsic kb-gallery-image-ratio-inherit kb-has-image-ratio-inherit\" ><img loading=\"lazy\" decoding=\"async\" src=\"https:\/\/editionslescrocos.com\/wp-content\/uploads\/2025\/11\/feuilletage-plan.jpg\" width=\"1200\" height=\"796\" alt=\"\" data-full-image=\"https:\/\/editionslescrocos.com\/wp-content\/uploads\/2025\/11\/feuilletage-plan.jpg\" data-light-image=\"https:\/\/editionslescrocos.com\/wp-content\/uploads\/2025\/11\/feuilletage-plan.jpg\" data-id=\"649\" class=\"wp-image-649 skip-lazy\" srcset=\"https:\/\/editionslescrocos.com\/wp-content\/uploads\/2025\/11\/feuilletage-plan.jpg 1200w, https:\/\/editionslescrocos.com\/wp-content\/uploads\/2025\/11\/feuilletage-plan-300x199.jpg 300w, https:\/\/editionslescrocos.com\/wp-content\/uploads\/2025\/11\/feuilletage-plan-1024x679.jpg 1024w, https:\/\/editionslescrocos.com\/wp-content\/uploads\/2025\/11\/feuilletage-plan-768x509.jpg 768w\" sizes=\"auto, (max-width: 1200px) 100vw, 1200px\" \/><\/div><\/div><\/figure><\/div><\/div><\/li><\/div><\/div><\/div><\/div><\/div><button aria-label=\"Close modal\" class=\"makeiteasy-popup-close\" data-micromodal-close-4p0qzcezsf=\"true\"><svg xmlns=\"http:\/\/www.w3.org\/2000\/svg\" width=\"24\" height=\"24\" fill=\"none\"><path d=\"M19.546 17.954a1.127 1.127 0 0 1-1.594 1.594L12 13.594l-5.954 5.952a1.127 1.127 0 0 1-1.594-1.594L10.406 12 4.454 6.046a1.127 1.127 0 0 1 1.594-1.594L12 10.406l5.954-5.955a1.127 1.127 0 0 1 1.594 1.594L13.594 12z\"><\/path><\/svg><\/button><\/div><\/div><\/div>\n","protected":false},"excerpt":{"rendered":"<p>Le voyage \u00e0 Lyon Trois petites cigognes en migration s&rsquo;arr\u00eatent \u00e0 Lyon suite \u00e0 un incident de vol. Elles n&rsquo;ont qu&rsquo;une envie : repartir au plus vite ! Mais une s\u00e9rie de rencontres va les faire changer d&rsquo;avis. Avec leurs nouveaux amis, elles se lancent dans une visite insolite de la ville. Une histoire en&#8230;<\/p>\n","protected":false},"author":1,"featured_media":0,"parent":0,"menu_order":0,"comment_status":"closed","ping_status":"closed","template":"","meta":{"_kadence_starter_templates_imported_post":false,"_kad_post_transparent":"","_kad_post_title":"","_kad_post_layout":"","_kad_post_sidebar_id":"","_kad_post_content_style":"","_kad_post_vertical_padding":"","_kad_post_feature":"","_kad_post_feature_position":"","_kad_post_header":false,"_kad_post_footer":false,"_kad_post_classname":"","footnotes":""},"class_list":["post-909","page","type-page","status-publish","hentry"],"_links":{"self":[{"href":"https:\/\/editionslescrocos.com\/index.php?rest_route=\/wp\/v2\/pages\/909","targetHints":{"allow":["GET"]}}],"collection":[{"href":"https:\/\/editionslescrocos.com\/index.php?rest_route=\/wp\/v2\/pages"}],"about":[{"href":"https:\/\/editionslescrocos.com\/index.php?rest_route=\/wp\/v2\/types\/page"}],"author":[{"embeddable":true,"href":"https:\/\/editionslescrocos.com\/index.php?rest_route=\/wp\/v2\/users\/1"}],"replies":[{"embeddable":true,"href":"https:\/\/editionslescrocos.com\/index.php?rest_route=%2Fwp%2Fv2%2Fcomments&post=909"}],"version-history":[{"count":4,"href":"https:\/\/editionslescrocos.com\/index.php?rest_route=\/wp\/v2\/pages\/909\/revisions"}],"predecessor-version":[{"id":972,"href":"https:\/\/editionslescrocos.com\/index.php?rest_route=\/wp\/v2\/pages\/909\/revisions\/972"}],"wp:attachment":[{"href":"https:\/\/editionslescrocos.com\/index.php?rest_route=%2Fwp%2Fv2%2Fmedia&parent=909"}],"curies":[{"name":"wp","href":"https:\/\/api.w.org\/{rel}","templated":true}]}}