{"id":2,"date":"2025-11-26T19:24:29","date_gmt":"2025-11-26T18:24:29","guid":{"rendered":"https:\/\/editionslescrocos.com\/?page_id=2"},"modified":"2025-12-02T14:31:01","modified_gmt":"2025-12-02T13:31:01","slug":"page-d-exemple","status":"publish","type":"page","link":"https:\/\/editionslescrocos.com\/","title":{"rendered":"Accueil"},"content":{"rendered":"<style>.wp-block-kadence-advancedgallery.kb-gallery-wrap-id-2_70851a-6e{margin-top:0px;margin-bottom:0px;padding-top:0px;padding-right:0px;padding-bottom:0px;}.kb-gallery-id-2_70851a-6e .kadence-blocks-gallery-item .kb-gal-image-radius, .kb-gallery-id-2_70851a-6e .kb-slide-item .kb-gal-image-radius img{border-radius:0px 0px 0px 0px;;}.kb-gallery-wrap-id-2_70851a-6e.wp-block-kadence-advancedgallery{overflow:visible;}.kb-gallery-wrap-id-2_70851a-6e.wp-block-kadence-advancedgallery .kt-blocks-carousel{overflow:visible;}<\/style><div class=\"kb-gallery-wrap-id-2_70851a-6e alignnone wp-block-kadence-advancedgallery\"><div class=\"kb-gallery-ul kb-gallery-non-static kb-gallery-type-slider kb-gallery-id-2_70851a-6e kb-gallery-caption-style-bottom-hover kb-gallery-filter-none\" data-image-filter=\"none\" data-lightbox-caption=\"true\"><div class=\"kt-blocks-carousel kt-carousel-container-dotstyle-none\"><div class=\"kt-blocks-carousel-init kb-blocks-slider kt-carousel-arrowstyle-whiteondark kt-carousel-dotstyle-none kb-slider-group-arrow kb-slider-arrow-position-center\" data-slider-anim-speed=\"660\" data-slider-scroll=\"1\" data-slider-arrows=\"true\" data-slider-fade=\"false\" data-slider-dots=\"false\"data-slider-type=\"slider\"  data-slider-hover-pause=\"false\" data-slider-auto=\"1\" data-slider-speed=\"5060\" data-show-pause-button=\"false\"><li class=\"kb-slide-item kb-gallery-slide-item\"><div class=\"kadence-blocks-gallery-item\"><div class=\"kadence-blocks-gallery-item-inner\"><figure class=\"kb-gallery-figure kb-gallery-item-has-link kadence-blocks-gallery-item-hide-caption\"><a href=\"\/?page_id=904\" class=\"kb-gallery-item-link\"  ><div class=\"kb-gal-image-radius\"><div class=\"kb-gallery-image-contain kadence-blocks-gallery-intrinsic kb-gallery-image-ratio-inherit kb-has-image-ratio-inherit\" ><img loading=\"lazy\" decoding=\"async\" src=\"https:\/\/editionslescrocos.com\/wp-content\/uploads\/2025\/11\/Carrousel_TesOuLeo-1.png\" width=\"1230\" height=\"750\" alt=\"\" data-full-image=\"https:\/\/editionslescrocos.com\/wp-content\/uploads\/2025\/11\/Carrousel_TesOuLeo-1.png\" data-light-image=\"https:\/\/editionslescrocos.com\/wp-content\/uploads\/2025\/11\/Carrousel_TesOuLeo-1.png\" data-id=\"887\" class=\"wp-image-887 skip-lazy\" srcset=\"https:\/\/editionslescrocos.com\/wp-content\/uploads\/2025\/11\/Carrousel_TesOuLeo-1.png 1230w, https:\/\/editionslescrocos.com\/wp-content\/uploads\/2025\/11\/Carrousel_TesOuLeo-1-300x183.png 300w, https:\/\/editionslescrocos.com\/wp-content\/uploads\/2025\/11\/Carrousel_TesOuLeo-1-1024x624.png 1024w, https:\/\/editionslescrocos.com\/wp-content\/uploads\/2025\/11\/Carrousel_TesOuLeo-1-768x468.png 768w\" sizes=\"auto, (max-width: 1230px) 100vw, 1230px\" \/><\/div><\/div><\/a><\/figure><\/div><\/div><\/li><li class=\"kb-slide-item kb-gallery-slide-item\"><div class=\"kadence-blocks-gallery-item\"><div class=\"kadence-blocks-gallery-item-inner\"><figure class=\"kb-gallery-figure kb-gallery-item-has-link kadence-blocks-gallery-item-hide-caption\"><a href=\"https:\/\/www.labulledor.fr\/?trk=public_post_reshare-text#bloc_1\" class=\"kb-gallery-item-link\" target=\"_blank\" rel=\"noopener noreferrer\"><div class=\"kb-gal-image-radius\"><div class=\"kb-gallery-image-contain kadence-blocks-gallery-intrinsic kb-gallery-image-ratio-inherit kb-has-image-ratio-inherit\" ><img loading=\"lazy\" decoding=\"async\" src=\"https:\/\/editionslescrocos.com\/wp-content\/uploads\/2025\/11\/Carrousel_BulledOrBrignais-1.png\" width=\"1230\" height=\"750\" alt=\"\" data-full-image=\"https:\/\/editionslescrocos.com\/wp-content\/uploads\/2025\/11\/Carrousel_BulledOrBrignais-1.png\" data-light-image=\"https:\/\/editionslescrocos.com\/wp-content\/uploads\/2025\/11\/Carrousel_BulledOrBrignais-1.png\" data-id=\"891\" class=\"wp-image-891 skip-lazy\" srcset=\"https:\/\/editionslescrocos.com\/wp-content\/uploads\/2025\/11\/Carrousel_BulledOrBrignais-1.png 1230w, https:\/\/editionslescrocos.com\/wp-content\/uploads\/2025\/11\/Carrousel_BulledOrBrignais-1-300x183.png 300w, https:\/\/editionslescrocos.com\/wp-content\/uploads\/2025\/11\/Carrousel_BulledOrBrignais-1-1024x624.png 1024w, https:\/\/editionslescrocos.com\/wp-content\/uploads\/2025\/11\/Carrousel_BulledOrBrignais-1-768x468.png 768w\" sizes=\"auto, (max-width: 1230px) 100vw, 1230px\" \/><\/div><\/div><\/a><\/figure><\/div><\/div><\/li><li class=\"kb-slide-item kb-gallery-slide-item\"><div class=\"kadence-blocks-gallery-item\"><div class=\"kadence-blocks-gallery-item-inner\"><figure class=\"kb-gallery-figure kb-gallery-item-has-link kadence-blocks-gallery-item-hide-caption\"><a href=\"\/?page_id=191\" class=\"kb-gallery-item-link\"  ><div class=\"kb-gal-image-radius\"><div class=\"kb-gallery-image-contain kadence-blocks-gallery-intrinsic kb-gallery-image-ratio-inherit kb-has-image-ratio-inherit\" ><img loading=\"lazy\" decoding=\"async\" src=\"https:\/\/editionslescrocos.com\/wp-content\/uploads\/2025\/11\/Carrousel_AlexSteph3Bouquins-1.png\" width=\"1230\" height=\"750\" alt=\"\" data-full-image=\"https:\/\/editionslescrocos.com\/wp-content\/uploads\/2025\/11\/Carrousel_AlexSteph3Bouquins-1.png\" data-light-image=\"https:\/\/editionslescrocos.com\/wp-content\/uploads\/2025\/11\/Carrousel_AlexSteph3Bouquins-1.png\" data-id=\"883\" class=\"wp-image-883 skip-lazy\" srcset=\"https:\/\/editionslescrocos.com\/wp-content\/uploads\/2025\/11\/Carrousel_AlexSteph3Bouquins-1.png 1230w, https:\/\/editionslescrocos.com\/wp-content\/uploads\/2025\/11\/Carrousel_AlexSteph3Bouquins-1-300x183.png 300w, https:\/\/editionslescrocos.com\/wp-content\/uploads\/2025\/11\/Carrousel_AlexSteph3Bouquins-1-1024x624.png 1024w, https:\/\/editionslescrocos.com\/wp-content\/uploads\/2025\/11\/Carrousel_AlexSteph3Bouquins-1-768x468.png 768w\" sizes=\"auto, (max-width: 1230px) 100vw, 1230px\" \/><\/div><\/div><\/a><\/figure><\/div><\/div><\/li><li class=\"kb-slide-item kb-gallery-slide-item\"><div class=\"kadence-blocks-gallery-item\"><div class=\"kadence-blocks-gallery-item-inner\"><figure class=\"kb-gallery-figure kb-gallery-item-has-link kadence-blocks-gallery-item-hide-caption\"><a href=\"\/?page_id=196\" class=\"kb-gallery-item-link\"  ><div class=\"kb-gal-image-radius\"><div class=\"kb-gallery-image-contain kadence-blocks-gallery-intrinsic kb-gallery-image-ratio-inherit kb-has-image-ratio-inherit\" ><img loading=\"lazy\" decoding=\"async\" src=\"https:\/\/editionslescrocos.com\/wp-content\/uploads\/2025\/11\/Carrousel_Cocottes-1.png\" width=\"1230\" height=\"750\" alt=\"\" data-full-image=\"https:\/\/editionslescrocos.com\/wp-content\/uploads\/2025\/11\/Carrousel_Cocottes-1.png\" data-light-image=\"https:\/\/editionslescrocos.com\/wp-content\/uploads\/2025\/11\/Carrousel_Cocottes-1.png\" data-id=\"884\" class=\"wp-image-884 skip-lazy\" srcset=\"https:\/\/editionslescrocos.com\/wp-content\/uploads\/2025\/11\/Carrousel_Cocottes-1.png 1230w, https:\/\/editionslescrocos.com\/wp-content\/uploads\/2025\/11\/Carrousel_Cocottes-1-300x183.png 300w, https:\/\/editionslescrocos.com\/wp-content\/uploads\/2025\/11\/Carrousel_Cocottes-1-1024x624.png 1024w, https:\/\/editionslescrocos.com\/wp-content\/uploads\/2025\/11\/Carrousel_Cocottes-1-768x468.png 768w\" sizes=\"auto, (max-width: 1230px) 100vw, 1230px\" \/><\/div><\/div><\/a><\/figure><\/div><\/div><\/li><li class=\"kb-slide-item kb-gallery-slide-item\"><div class=\"kadence-blocks-gallery-item\"><div class=\"kadence-blocks-gallery-item-inner\"><figure class=\"kb-gallery-figure kb-gallery-item-has-link kadence-blocks-gallery-item-hide-caption\"><a href=\"\/?page_id=914\" class=\"kb-gallery-item-link\"  ><div class=\"kb-gal-image-radius\"><div class=\"kb-gallery-image-contain kadence-blocks-gallery-intrinsic kb-gallery-image-ratio-inherit kb-has-image-ratio-inherit\" ><img loading=\"lazy\" decoding=\"async\" src=\"https:\/\/editionslescrocos.com\/wp-content\/uploads\/2025\/11\/Carrousel_EnfinUnLivreSansLoup-1.png\" width=\"1230\" height=\"750\" alt=\"\" data-full-image=\"https:\/\/editionslescrocos.com\/wp-content\/uploads\/2025\/11\/Carrousel_EnfinUnLivreSansLoup-1.png\" data-light-image=\"https:\/\/editionslescrocos.com\/wp-content\/uploads\/2025\/11\/Carrousel_EnfinUnLivreSansLoup-1.png\" data-id=\"885\" class=\"wp-image-885 skip-lazy\" srcset=\"https:\/\/editionslescrocos.com\/wp-content\/uploads\/2025\/11\/Carrousel_EnfinUnLivreSansLoup-1.png 1230w, https:\/\/editionslescrocos.com\/wp-content\/uploads\/2025\/11\/Carrousel_EnfinUnLivreSansLoup-1-300x183.png 300w, https:\/\/editionslescrocos.com\/wp-content\/uploads\/2025\/11\/Carrousel_EnfinUnLivreSansLoup-1-1024x624.png 1024w, https:\/\/editionslescrocos.com\/wp-content\/uploads\/2025\/11\/Carrousel_EnfinUnLivreSansLoup-1-768x468.png 768w\" sizes=\"auto, (max-width: 1230px) 100vw, 1230px\" \/><\/div><\/div><\/a><\/figure><\/div><\/div><\/li><li class=\"kb-slide-item kb-gallery-slide-item\"><div class=\"kadence-blocks-gallery-item\"><div class=\"kadence-blocks-gallery-item-inner\"><figure class=\"kb-gallery-figure kb-gallery-item-has-link kadence-blocks-gallery-item-hide-caption\"><a href=\"\/?page_id=365\" class=\"kb-gallery-item-link\"  ><div class=\"kb-gal-image-radius\"><div class=\"kb-gallery-image-contain kadence-blocks-gallery-intrinsic kb-gallery-image-ratio-inherit kb-has-image-ratio-inherit\" ><img loading=\"lazy\" decoding=\"async\" src=\"https:\/\/editionslescrocos.com\/wp-content\/uploads\/2025\/11\/Carrousel_LaPresseParleDeNous-1.png\" width=\"1230\" height=\"750\" alt=\"\" data-full-image=\"https:\/\/editionslescrocos.com\/wp-content\/uploads\/2025\/11\/Carrousel_LaPresseParleDeNous-1.png\" data-light-image=\"https:\/\/editionslescrocos.com\/wp-content\/uploads\/2025\/11\/Carrousel_LaPresseParleDeNous-1.png\" data-id=\"886\" class=\"wp-image-886 skip-lazy\" srcset=\"https:\/\/editionslescrocos.com\/wp-content\/uploads\/2025\/11\/Carrousel_LaPresseParleDeNous-1.png 1230w, https:\/\/editionslescrocos.com\/wp-content\/uploads\/2025\/11\/Carrousel_LaPresseParleDeNous-1-300x183.png 300w, https:\/\/editionslescrocos.com\/wp-content\/uploads\/2025\/11\/Carrousel_LaPresseParleDeNous-1-1024x624.png 1024w, https:\/\/editionslescrocos.com\/wp-content\/uploads\/2025\/11\/Carrousel_LaPresseParleDeNous-1-768x468.png 768w\" sizes=\"auto, (max-width: 1230px) 100vw, 1230px\" \/><\/div><\/div><\/a><\/figure><\/div><\/div><\/li><\/div><\/div><\/div><\/div>\n\n\n<p><\/p>\n\n\n\n<h2 class=\"wp-block-heading has-text-align-left has-text-color has-link-color has-large-font-size wp-elements-efb051f91eb2855b618d528da57d05ba\" style=\"color:#3ba23f;padding-right:var(--wp--preset--spacing--80);padding-left:var(--wp--preset--spacing--80)\"> Maison d&rsquo;\u00e9dition jeunesse<\/h2>\n\n\n\n<div class=\"wp-block-group is-horizontal is-content-justification-space-between is-layout-flex wp-container-core-group-is-layout-3db25d98 wp-block-group-is-layout-flex\" style=\"padding-right:var(--wp--preset--spacing--80);padding-left:var(--wp--preset--spacing--80)\">\n<div class=\"wp-block-group is-nowrap is-layout-flex wp-container-core-group-is-layout-ad2f72ca wp-block-group-is-layout-flex\">\n<p class=\"has-small-font-size wp-container-content-9cfa9a5a\" style=\"padding-top:0;padding-right:0;padding-bottom:0;padding-left:0\">Nous avons fond\u00e9 les \u00c9ditions les Crocos, \u00e0 Lyon, pour aider les plus jeunes \u00e0<br>regarder le monde qui les entoure d&rsquo;un \u0153il curieux, neuf et d\u00e9cal\u00e9.<br><br>Nous sommes des Crocos locaux ! Nos livres, \u00e9crits \u00e0 hauteur d&rsquo;enfant, sont en lien<br>avec la r\u00e9gion lyonnaise o\u00f9 nous vivons. Ils se d\u00e9vorent \u00e0 pleines dents (de lait)<br>pour s&rsquo;\u00e9vader et voyager pr\u00e8s de chez soi.<br><br>Tous nos albums sont fabriqu\u00e9s dans la Loire par l&rsquo;imprimerie Chirat, certifi\u00e9e<br>Imprim\u2019Vert. Nous les diffusons et les distribuons nous-m\u00eames dans les librairies<br>autour de chez nous et sur les salons du livre de notre r\u00e9gion.<br><br>Nous travaillons en circuit court dans une logique d\u2019\u00e9cologie du livre.<\/p>\n<\/div>\n\n\n\n<div class=\"wp-block-group\"><div class=\"wp-block-group__inner-container is-layout-constrained wp-block-group-is-layout-constrained\">\n<figure class=\"wp-block-gallery alignleft has-nested-images columns-2 is-cropped wp-block-gallery-1 is-layout-flex wp-block-gallery-is-layout-flex\">\n<figure class=\"wp-block-image size-medium\"><img loading=\"lazy\" decoding=\"async\" width=\"300\" height=\"300\" data-id=\"105\" src=\"https:\/\/editionslescrocos.com\/wp-content\/uploads\/2025\/11\/Tampon_France-300x300.png\" alt=\"\" class=\"wp-image-105\" srcset=\"https:\/\/editionslescrocos.com\/wp-content\/uploads\/2025\/11\/Tampon_France-300x300.png 300w, https:\/\/editionslescrocos.com\/wp-content\/uploads\/2025\/11\/Tampon_France-150x150.png 150w, https:\/\/editionslescrocos.com\/wp-content\/uploads\/2025\/11\/Tampon_France.png 402w\" sizes=\"auto, (max-width: 300px) 100vw, 300px\" \/><\/figure>\n\n\n\n<figure class=\"wp-block-image size-medium\"><img loading=\"lazy\" decoding=\"async\" width=\"300\" height=\"300\" data-id=\"106\" src=\"https:\/\/editionslescrocos.com\/wp-content\/uploads\/2025\/11\/TamponLoup-300x300.png\" alt=\"\" class=\"wp-image-106\" srcset=\"https:\/\/editionslescrocos.com\/wp-content\/uploads\/2025\/11\/TamponLoup-300x300.png 300w, https:\/\/editionslescrocos.com\/wp-content\/uploads\/2025\/11\/TamponLoup-150x150.png 150w, https:\/\/editionslescrocos.com\/wp-content\/uploads\/2025\/11\/TamponLoup.png 402w\" sizes=\"auto, (max-width: 300px) 100vw, 300px\" \/><\/figure>\n<\/figure>\n<\/div><\/div>\n<\/div>\n\n\n\n<div class=\"wp-block-buttons is-content-justification-left is-nowrap is-layout-flex wp-container-core-buttons-is-layout-50052ff3 wp-block-buttons-is-layout-flex\" style=\"padding-right:var(--wp--preset--spacing--80);padding-left:var(--wp--preset--spacing--80)\">\n<div class=\"wp-block-button\"><a class=\"wp-block-button__link wp-element-button\" href=\"\/?page_id=194\">En savoir plus<\/a><\/div>\n<\/div>\n\n\n\n<p><\/p>\n","protected":false},"excerpt":{"rendered":"<p>Maison d&rsquo;\u00e9dition jeunesse Nous avons fond\u00e9 les \u00c9ditions les Crocos, \u00e0 Lyon, pour aider les plus jeunes \u00e0regarder le monde qui les entoure d&rsquo;un \u0153il curieux, neuf et d\u00e9cal\u00e9. Nous sommes des Crocos locaux ! Nos livres, \u00e9crits \u00e0 hauteur d&rsquo;enfant, sont en lienavec la r\u00e9gion lyonnaise o\u00f9 nous vivons. Ils se d\u00e9vorent \u00e0 pleines&#8230;<\/p>\n","protected":false},"author":1,"featured_media":0,"parent":0,"menu_order":0,"comment_status":"closed","ping_status":"closed","template":"","meta":{"_kadence_starter_templates_imported_post":false,"_kad_post_transparent":"","_kad_post_title":"","_kad_post_layout":"","_kad_post_sidebar_id":"","_kad_post_content_style":"","_kad_post_vertical_padding":"","_kad_post_feature":"","_kad_post_feature_position":"","_kad_post_header":false,"_kad_post_footer":false,"_kad_post_classname":"","footnotes":""},"class_list":["post-2","page","type-page","status-publish","hentry"],"_links":{"self":[{"href":"https:\/\/editionslescrocos.com\/index.php?rest_route=\/wp\/v2\/pages\/2","targetHints":{"allow":["GET"]}}],"collection":[{"href":"https:\/\/editionslescrocos.com\/index.php?rest_route=\/wp\/v2\/pages"}],"about":[{"href":"https:\/\/editionslescrocos.com\/index.php?rest_route=\/wp\/v2\/types\/page"}],"author":[{"embeddable":true,"href":"https:\/\/editionslescrocos.com\/index.php?rest_route=\/wp\/v2\/users\/1"}],"replies":[{"embeddable":true,"href":"https:\/\/editionslescrocos.com\/index.php?rest_route=%2Fwp%2Fv2%2Fcomments&post=2"}],"version-history":[{"count":122,"href":"https:\/\/editionslescrocos.com\/index.php?rest_route=\/wp\/v2\/pages\/2\/revisions"}],"predecessor-version":[{"id":1085,"href":"https:\/\/editionslescrocos.com\/index.php?rest_route=\/wp\/v2\/pages\/2\/revisions\/1085"}],"wp:attachment":[{"href":"https:\/\/editionslescrocos.com\/index.php?rest_route=%2Fwp%2Fv2%2Fmedia&parent=2"}],"curies":[{"name":"wp","href":"https:\/\/api.w.org\/{rel}","templated":true}]}}